{"id":236742,"date":"2020-12-07T20:31:10","date_gmt":"2020-12-07T18:31:10","guid":{"rendered":"http:\/\/africa-on-wheels.com\/?page_id=236742"},"modified":"2020-12-07T21:01:44","modified_gmt":"2020-12-07T19:01:44","slug":"datenschutzerklaerung","status":"publish","type":"page","link":"https:\/\/africa-on-wheels.com\/de\/datenschutzerklaerung\/","title":{"rendered":"Datenschutzerkl\u00e4rung"},"content":{"rendered":"<p>[et_pb_section fb_built=&#8220;1&#8243; admin_label=&#8220;Section Datenschutzerkl\u00e4rung&#8220; _builder_version=&#8220;4.6.1&#8243; _module_preset=&#8220;default&#8220; background_color=&#8220;#ffb901&#8243; background_image=&#8220;http:\/\/africa-on-wheels.com\/wp-content\/uploads\/2020\/12\/Africa-on-Wheels-Bg01.jpg&#8220; background_size=&#8220;contain&#8220; background_position=&#8220;top_left&#8220; custom_margin=&#8220;0px||0px||false|false&#8220; custom_padding=&#8220;40px||80px||false|false&#8220;][et_pb_row admin_label=&#8220;Row Headline Datenschutzerkl\u00e4rung&#8220; _builder_version=&#8220;4.5.1&#8243; _module_preset=&#8220;default&#8220; custom_margin=&#8220;0px||||false|false&#8220; custom_padding=&#8220;0px||||false|false&#8220;][et_pb_column type=&#8220;4_4&#8243; _builder_version=&#8220;4.5.1&#8243; _module_preset=&#8220;default&#8220;][et_pb_text admin_label=&#8220;Headline Datenschutzerkl\u00e4rung&#8220; _builder_version=&#8220;4.7.4&#8243; _module_preset=&#8220;default&#8220; header_3_font=&#8220;Roboto Condensed|700|||||||&#8220; header_3_text_align=&#8220;center&#8220; header_3_text_color=&#8220;#fff&#8220; header_3_font_size=&#8220;28px&#8220; header_3_line_height=&#8220;1.7em&#8220;]<\/p>\n<h3>Datenschutzerkl\u00e4rung<\/h3>\n<p>[\/et_pb_text][\/et_pb_column][\/et_pb_row][et_pb_row custom_padding_last_edited=&#8220;on|phone&#8220; admin_label=&#8220;Row Datenschutzerkl\u00e4rung&#8220; _builder_version=&#8220;4.5.1&#8243; _module_preset=&#8220;default&#8220; background_color=&#8220;#ffffff&#8220; width_tablet=&#8220;&#8220; width_phone=&#8220;96%&#8220; width_last_edited=&#8220;on|desktop&#8220; max_width=&#8220;860px&#8220; custom_padding=&#8220;30px|30px|30px|30px|true|true&#8220; custom_padding_tablet=&#8220;&#8220; custom_padding_phone=&#8220;15px|15px|15px|15px|true|true&#8220; box_shadow_style=&#8220;preset3&#8243; box_shadow_vertical=&#8220;5px&#8220; box_shadow_blur=&#8220;10px&#8220;][et_pb_column type=&#8220;4_4&#8243; _builder_version=&#8220;4.5.1&#8243; _module_preset=&#8220;default&#8220;][et_pb_text admin_label=&#8220;Text Datenschutzerkl\u00e4rung&#8220; _builder_version=&#8220;4.7.4&#8243; _module_preset=&#8220;default&#8220; text_font_size=&#8220;14px&#8220; text_line_height=&#8220;1.4em&#8220; header_3_font=&#8220;Roboto Condensed|700||on|||||&#8220; header_3_text_align=&#8220;center&#8220; header_3_line_height=&#8220;1.7em&#8220; header_4_text_align=&#8220;left&#8220; header_4_line_height=&#8220;1.4em&#8220; header_4_text_align_tablet=&#8220;&#8220; header_4_text_align_phone=&#8220;center&#8220; header_4_text_align_last_edited=&#8220;on|phone&#8220;]<\/p>\n<h3>Nutzung und Zweck der Datenerhebung<\/h3>\n<p>Die Einhaltung der Datenschutzgesetze ist f\u00fcr uns ein Vertrauensfaktor und nicht nur gesetzliche Pflicht. Wir m\u00f6chten Ihnen erkl\u00e4ren wie wir mit Ihren personenbezogenen Daten (im nachfolgenden Daten genannt) umgehen und informieren Sie mit den nachfolgenden Datenschutzbestimmungen \u00fcber die Art, den Umfang und den Zweck der von Ihnen auf dieser Webseite erhobenen und verarbeiteten Daten, sowie Ihre Rechte.<\/p>\n<p>Die Nutzung unserer Seite ist ohne eine Angabe von personenbezogenen Daten m\u00f6glich. F\u00fcr die Nutzung einzelner Services unserer Seite k\u00f6nnen sich hierf\u00fcr abweichende Regelungen ergeben, die in diesem Falle nachstehend gesondert erl\u00e4utert werden. Ihre personenbezogenen Daten (z.B. Name, Anschrift, E-Mail, Telefonnummer, u.\u00e4.) werden von uns nur gem\u00e4\u00df den Bestimmungen des deutschen Datenschutzrechts verarbeitet. Daten sind dann personenbezogen, wenn sie eindeutig einer bestimmten nat\u00fcrlichen Person zugeordnet werden k\u00f6nnen. Die rechtlichen Grundlagen des Datenschutzes finden Sie im Bundesdatenschutzgesetz (BDSG) und dem Telemediengesetz (TMG). Nachstehende Regelungen informieren Sie insoweit \u00fcber die Art, den Umfang und Zweck der Erhebung, die Nutzung und die Verarbeitung von personenbezogenen Daten durch den Anbieter. Es werden von uns keine personenbezogene Daten erfa\u00dft, es sei denn, Sie geben uns diese Informationen freiwillig, z.B. zur Bearbeitung von Anfragen, zur Abwicklung von Zimmerbuchungen, bei Kommentaren, bei der Newsletteranmeldung oder bei Anfragen \u00fcber das Kontaktformular.<\/p>\n<h3>Verantwortlichkeit f\u00fcr die Datenverarbeitung<\/h3>\n<p>Africa on Wheels, vertreten durch Herr Ingo Bahr, P.O. Box 20058, Windhoek, Namibia, ist als Betreiber der Website www.africaonwheels.com.com Verantwortliche gem. Art. 4 Abs. 7 EU-Datenschutz-Grundverordnung (DSGVO). Bei Fragen k\u00f6nnen Sie sich an info@africa-on-wheels.com\u00a0wenden.<\/p>\n<p>Wir weisen darauf hin, dass die internetbasierte Daten\u00fcbertragung Sicherheitsl\u00fccken aufweist, ein l\u00fcckenloser Schutz vor Zugriffen durch Dritte somit unm\u00f6glich ist.<\/p>\n<h3>Datenschutzbeauftragter<\/h3>\n<p>Wir haben keinen Datenschutzbeauftragen bestellt, da dies f\u00fcr uns nicht verpflichtend ist. Bei Fragen zu Ihren Daten oder bei allen Fragen die Ihre Daten betreffen k\u00f6nnen Sie uns \u00fcber \u00a0info@africa-on-wheels.com\u00a0kontaktieren.<\/p>\n<h3>\u00dcbermittlung an Dritte<\/h3>\n<p>Eine Weitergabe von Daten an Dritte erfolgt grunds\u00e4tzlich nicht, sofern dies nicht zur Erbringung der Dienstleistung oder zur Vertragsdurchf\u00fchrung notwendig ist. Beh\u00f6rden oder anderen staatlichen Institutionen werden nur im Rahmen der gesetzlichen Informationspflichten oder aufgrund gerichtlicher Entscheidungen Ausk\u00fcnfte erteilt.<\/p>\n<p>Auf Anordnung der zust\u00e4ndigen Stellen d\u00fcrfen wir im Einzelfall Auskunft \u00fcber diese Daten erteilen, soweit dies f\u00fcr Zwecke der Strafverfolgung, zur Gefahrenabwehr, zur Erf\u00fcllung der gesetzlichen Aufgaben der Verfassungsschutzbeh\u00f6rden oder des milit\u00e4rischen Abschirmdienstes oder zur Durchsetzung der Rechte am geistigen Eigentum erforderlich ist.<\/p>\n<h3>Daten von Kindern und Jugendlichen<\/h3>\n<p>Personen unter 18 Jahren sollten ohne Zustimmung der Eltern oder Erziehungsberechtigten keine personenbezogenen Daten an uns \u00fcbermitteln. Wir fordern wissentlich keine personenbezogenen Daten von Kindern und Jugendlichen an, sammeln diese nicht und geben sie nicht an Dritte weiter.<\/p>\n<h3>Sicherheitsma\u00dfnahmen<\/h3>\n<p>Zum Schutz Ihrer bei uns vorgehaltenen personenbezogenen Daten vor unberechtigtem Zugriff und Missbrauch haben wir umfangreiche technische und betriebliche Sicherheitsvorkehrungen getroffen. Unsere Sicherheitsverfahren zum Schutz gegen Besch\u00e4digungen, Zerst\u00f6rung oder den unberechtigten Zugriff werden regelm\u00e4\u00dfig \u00fcberpr\u00fcft und dem technologischen Fortschritt angepasst.<\/p>\n<h3>Auskunft und Widerruf<\/h3>\n<p>Sie erhalten jederzeit ohne Angabe von Gr\u00fcnden kostenfrei Auskunft \u00fcber Ihre bei uns gespeicherten Daten. Sie k\u00f6nnen jederzeit Ihre bei uns erhobenen Daten sperren, berichtigen oder l\u00f6schen bzw. sperren lassen und der Datenerhebung und -speicherung zu Optimierungszwecken unserer Website widersprechen. Auch k\u00f6nnen Sie jederzeit die uns erteilte Einwilligung zur Datenerhebung und -verwendung ohne Angaben von Gr\u00fcnden widerrufen. Wenden Sie sich hierzu bitte an die im Impressum angegebene Kontaktadresse. Wir stehen Ihnen jederzeit gerne f\u00fcr weitergehende Fragen zu unserem Hinweis zum Datenschutz und zur Verarbeitung Ihrer pers\u00f6nlichen Daten zur Verf\u00fcgung.<\/p>\n<h3>Cookies<\/h3>\n<p>Wir verwenden auf unserer Seite sog. Cookies zum Wiedererkennen mehrfacher Nutzung unseres Angebots, durch denselben Nutzer\/Internetanschlussinhaber. Cookies sind kleine Textdateien, die Ihr Internet-Browser auf Ihrem Rechner ablegt und speichert. Sie dienen dazu, unseren Internetauftritt und unsere Angebote zu optimieren. Es handelt sich dabei zumeist um sog. \u201eSession-Cookies\u201c, die nach dem Ende Ihres Besuches wieder gel\u00f6scht werden. Teilweise geben diese Cookies jedoch Informationen ab, um Sie automatisch wieder zu erkennen. Diese Wiedererkennung erfolgt aufgrund der in den Cookies gespeicherten IP-Adresse. Die so erlangten Informationen dienen dazu, unsere Angebote zu optimieren und Ihnen einen leichteren Zugang auf unsere Seite zu erm\u00f6glichen. Sie k\u00f6nnen die Installation der Cookies durch eine entsprechende Einstellung Ihres Browsers verhindern; wir weisen Sie jedoch darauf hin, dass Sie in diesem Fall gegebenenfalls nicht s\u00e4mtliche Funktionen unserer Website vollumf\u00e4nglich nutzen k\u00f6nnen. Einzig die Cookies f\u00fcr den Hinwei\u00df das wir Cookies verwenden werden f\u00fcr eine l\u00e4ngere Zeit gespeichert.<\/p>\n<p>Sie k\u00f6nnen die Cookies in den Sicherheitseinstellungen Ihres Browsers jederzeit manuell l\u00f6schen. Sie k\u00f6nnen die Speicherung von Cookies aber auch durch eine entsprechende Einstellung Ihres Browsers von vorneherein verhindern. Bitte beachten Sie dabei aber, dass Sie dann m\u00f6glicherweise nicht s\u00e4mtliche Funktionen unserer Website vollumf\u00e4nglich nutzen k\u00f6nnen. Sollten Sie nur unsere eigenen Cookies, nicht aber Cookies unserer Auftragsverarbeiter akzeptieren wollen, k\u00f6nnen Sie die Speicherung dieser Cookies durch die entsprechende Einstellung \u201eCookies von Drittanbietern, in Ihrem Browser, verhindern.<\/p>\n<h3>Serverdaten<\/h3>\n<p>Aus technischen Gr\u00fcnden werden u.a. folgende Daten, die Ihr Internet-Browser an uns bzw. an unseren Webspace-Provider \u00fcbermittelt, erfasst (sogenannte Serverlogfiles):<\/p>\n<p>\u2013 Browsertyp und -version<br \/>\u2013 verwendetes Betriebssystem<br \/>\u2013 Webseite, von der aus Sie uns besuchen (Referrer URL)<br \/>\u2013 Webseite, die Sie besuchen<br \/>\u2013 Datum und Uhrzeit Ihres Zugriffs<br \/>\u2013 Ihre Internet Protokoll (IP)-Adresse.<\/p>\n<p>Diese anonymen Daten werden getrennt von Ihren eventuell angegebenen personenbezogenen Daten gespeichert und lassen so keine R\u00fcckschl\u00fcsse auf eine bestimmte Person \u2013 sofern nicht gesetzlich vorgeschrieben -zu. Sie werden zu statistischen Zwecken ausgewertet, um unseren Internetauftritt und unsere Angebote optimieren zu k\u00f6nnen.<\/p>\n<h3>Kontaktm\u00f6glichkeiten<\/h3>\n<p>Wir bieten Ihnen auf unserer Seite die M\u00f6glichkeit, mit uns per E-Mail und\/oder \u00fcber ein Kontaktformular in Verbindung zu treten. In diesem Fall werden die vom Nutzer gemachten Angaben zum Zwecke der Bearbeitung seiner Kontaktaufnahme gespeichert. Eine Weitergabe an Dritte erfolgt nicht. Ein Abgleich der so erhobenen Daten mit Daten, die m\u00f6glicherweise durch andere Komponenten unserer Seite erhoben werden, erfolgt ebenfalls nicht.<\/p>\n<p>Einsatz von reCAPTCHA<br \/>Um Eingabeformulare auf unserer Seite zu sch\u00fctzen, setzen wir den Dienst \u201ereCAPTCHA\u201c der Firma Google Inc., 1600 Amphitheatre Parkway, Mountain View, CA 94043 USA, nachfolgend \u201eGoogle\u201c, ein. Durch den Einsatz dieses Dienstes kann unterschieden werden, ob die entsprechende Eingabe menschlicher Herkunft ist oder durch automatisierte maschinelle Verarbeitung missbr\u00e4uchlich erfolgt.<\/p>\n<p>Nach unserer Kenntnis werden die Referrer-URL, die IP-Adresse, das Verhalten der Webseitenbesucher, Informationen \u00fcber Betriebssystem, Browser und Verweildauer, Cookies, Darstellungsanweisungen und Skripte, das Eingabeverhalten des Nutzers sowie Mausbewegungen im Bereich der \u201ereCAPTCHA\u201c-Checkbox an \u201eGoogle\u201c \u00fcbertragen.<\/p>\n<p>Google verwendet die so erlangten Informationen unter anderem dazu, B\u00fccher und andere Druckerzeugnisse zu digitalisieren sowie Dienste wie Google Street View und Google Maps zu optimieren (bspw. Hausnummern- und Stra\u00dfennamenerkennung).<\/p>\n<p>Die im Rahmen von \u201ereCAPTCHA\u201c \u00fcbermittelte IP-Adresse wird nicht mit anderen Daten von Google zusammengef\u00fchrt, au\u00dfer Sie sind zum Zeitpunkt der Nutzung des \u201ereCAPTCHA\u201c-Plug-ins bei Ihrem Google-Account angemeldet. Wenn Sie diese \u00dcbermittlung und Speicherung von Daten \u00fcber Sie und Ihr Verhalten auf unserer Webseite durch \u201eGoogle\u201c unterbinden wollen, m\u00fcssen Sie sich bei \u201eGoogle\u201c ausloggen und zwar bevor Sie unsere Seite besuchen bzw. das reCAPTCHA Plug-in benutzen.<\/p>\n<p>Die Nutzung des Dienstes \u201ereCAPTCHA\u201c erlangten Informationen erfolgt gem\u00e4\u00df den Google-Nutzungsbedingungen:<br \/><a href=\"https:\/\/www.google.com\/intl\/de\/policies\/privacy\/\" target=\"_blank\" rel=\"noopener noreferrer\">https:\/\/www.google.com\/intl\/de\/policies\/privacy\/<\/a>.<\/p>\n<p>Wir verwenden einen anderen Dienst namens phpContact. Diesernutzt die IP-Adresse um das Senden von mehreren E-Mails in kurzer Zeit zu verhindern. Im Prinzip funktioniert es so: Wenn ein Besucher erfolgreich eine E-Mail \u00fcber das phpContact Formular sendet wird seine IP-Adresse f\u00fcr eine von uns bestimmte Zeit gespeichert. Sollte diese IP-Adresse (also dieser Besucher) innerhalb dieser Zeit eine zweite E-Mail senden wollen, wird er daran gehindert und es wird eine entsprechende Informationsmeldung angezeigt.<\/p>\n<p>Diese Daten werden nur so lange gespeichert, wie dies f\u00fcr die jeweilige Korrespondenz notwendig ist. Eine dar\u00fcber hinausgehende Verarbeitung findet nicht statt.<\/p>\n<p>Die Rechtsgrundlage f\u00fcr die Nutzung der von Ihnen per Kontaktformular an uns \u00fcbermittelten Daten ist Art. 6 Abs. 1 S. 1 Buchstabe a) DSGVO (Einwilligung der betroffenen Person).<\/p>\n<h3>Newsletter<\/h3>\n<p>Wenn Sie sich mit Ihrer E-Mail-Adresse f\u00fcr unseren Newsletter anmelden, nutzen wir Ihre E-Mail-Adresse ausschlie\u00dflich f\u00fcr die \u00dcbermittlung unseres Newsletters, bis Sie sich davon abmelden. Eine Abmeldung ist jederzeit \u00fcber den daf\u00fcr vorgesehenen Link im Newsletter oder eine entsprechende Mitteilung an uns m\u00f6glich. Eine Abmeldung kann durch Link, E-Mail oder auf sonstigem Wege erfolgen.<\/p>\n<h3>Datenschutzerkl\u00e4rung f\u00fcr die Nutzung von Facebook-Plugins (Like-Button)<\/h3>\n<p>Auf unseren Seiten sind Plugins des sozialen Netzwerks Facebook, 1601 South California Avenue, Palo Alto, CA 94304, USA integriert. Die Facebook-Plugins erkennen Sie an dem Facebook-Logo oder dem \u201eLike-Button\u201c (\u201eGef\u00e4llt mir\u201c) auf unserer Seite. Eine \u00dcbersicht \u00fcber die Facebook-Plugins finden Sie hier:\u00a0<a href=\"https:\/\/developers.facebook.com\/docs\/plugins\/?locale=de_DE\" target=\"_blank\" rel=\"noopener noreferrer\">https:\/\/developers.facebook.com\/docs\/plugins\/?locale=de_DE<\/a>. Wenn Sie unsere Seiten besuchen, wird \u00fcber das Plugin eine direkte Verbindung zwischen Ihrem Browser und dem Facebook-Server hergestellt. Facebook erh\u00e4lt dadurch die Information, dass Sie mit Ihrer IP-Adresse unsere Seite besucht haben.<\/p>\n<p>Wenn Sie den Facebook \u201eLike-Button\u201c anklicken w\u00e4hrend Sie in Ihrem Facebook-Account eingeloggt sind, k\u00f6nnen Sie die Inhalte unserer Seiten auf Ihrem Facebook-Profil verlinken. Dadurch kann Facebook den Besuch unserer Seiten Ihrem Benutzerkonto zuordnen. Wir weisen darauf hin, dass wir als Anbieter der Seiten keine Kenntnis vom Inhalt der \u00fcbermittelten Daten sowie deren Nutzung durch Facebook erhalten. Weitere Informationen hierzu finden Sie in der Datenschutzerkl\u00e4rung von facebook unter\u00a0<a href=\"http:\/\/de-de.facebook.com\/policy.php\" target=\"_blank\" rel=\"noopener noreferrer\">http:\/\/de-de.facebook.com\/policy.php<\/a>\u00a0Wenn Sie nicht w\u00fcnschen, dass Facebook den Besuch unserer Seiten Ihrem Facebook-Nutzerkonto zuordnen kann, loggen Sie sich bitte aus Ihrem Facebook-Benutzerkonto aus.<\/p>\n<h3>Google Analytics<\/h3>\n<p>Diese Website nutzt Google Analytics, einen Webanalysedienst der Google Inc. (\u201eGoogle\u201c). Google Analytics verwendet sogenannte \u201eCookies\u201c, Textdateien, die auf Ihrem Computer gespeichert werden und die eine Analyse der Nutzung der Website durch Sie erm\u00f6glichen. Die durch das Cookie erzeugten Informationen \u00fcber Ihre Nutzung dieser Website werden in der Regel an einen Server von Google in den USA \u00fcbertragen und dort gespeichert. Im Falle der Aktivierung der IP-Anonymisierung auf dieser Website wird Ihre IP-Adresse von Google jedoch innerhalb von Mitgliedstaaten der Europ\u00e4ischen Union oder in anderen Vertragsstaaten des Abkommens \u00fcber den Europ\u00e4ischen Wirtschaftsraum zuvor gek\u00fcrzt. Nur in Ausnahmef\u00e4llen wird die volle IP-Adresse an einen Server von Google in den USA \u00fcbertragen und dort gek\u00fcrzt. Im Auftrag des Betreibers dieser Website wird Google diese Informationen benutzen, um Ihre Nutzung der Website auszuwerten, um Reports \u00fcber die Websiteaktivit\u00e4ten zusammenzustellen und um weitere mit der Websitenutzung und der Internetnutzung verbundene Dienstleistungen gegen\u00fcber dem Websitebetreiber zu erbringen. Die im Rahmen von Google Analytics von Ihrem Browser \u00fcbermittelte IP-Adresse wird nicht mit anderen Daten von Google zusammengef\u00fchrt. Sie k\u00f6nnen die Speicherung der Cookies durch eine entsprechende Einstellung Ihrer Browser-Software verhindern; wir weisen Sie jedoch darauf hin, dass Sie in diesem Fall gegebenenfalls nicht s\u00e4mtliche Funktionen dieser Website vollumf\u00e4nglich werden nutzen k\u00f6nnen. Sie k\u00f6nnen dar\u00fcber hinaus die Erfassung der durch das Cookie erzeugten und auf Ihre Nutzung der Website bezogenen Daten (inkl. Ihrer IP-Adresse) an Google sowie die Verarbeitung dieser Daten durch Google verhindern, indem Sie das unter dem folgenden Link\u00a0<a href=\"https:\/\/tools.google.com\/dlpage\/gaoptout?hl=de\" target=\"_blank\" rel=\"noopener noreferrer\">https:\/\/tools.google.com\/dlpage\/gaoptout?hl=de<\/a>) verf\u00fcgbare Browser-Plug-in herunterladen und installieren.<\/p>\n<p>[\/et_pb_text][\/et_pb_column][\/et_pb_row][\/et_pb_section][et_pb_section fb_built=&#8220;1&#8243; fullwidth=&#8220;on&#8220; admin_label=&#8220;Section Damaraland Scenery&#8220; _builder_version=&#8220;4.6.1&#8243; _module_preset=&#8220;default&#8220; background_color=&#8220;#ffb901&#8243; custom_margin=&#8220;0px||0px||true|false&#8220; custom_padding=&#8220;0px||0px||true|false&#8220; saved_tabs=&#8220;all&#8220;][et_pb_fullwidth_image src=&#8220;http:\/\/africa-on-wheels.com\/wp-content\/uploads\/2020\/12\/Damaraland-Scenery-02.jpg&#8220; _builder_version=&#8220;4.6.1&#8243; _module_preset=&#8220;default&#8220;][\/et_pb_fullwidth_image][\/et_pb_section]<\/p>\n","protected":false},"excerpt":{"rendered":"<p>Datenschutzerkl\u00e4rungNutzung und Zweck der Datenerhebung Die Einhaltung der Datenschutzgesetze ist f\u00fcr uns ein Vertrauensfaktor und nicht nur gesetzliche Pflicht. Wir m\u00f6chten Ihnen erkl\u00e4ren wie wir mit Ihren personenbezogenen Daten (im nachfolgenden Daten genannt) umgehen und informieren Sie mit den nachfolgenden Datenschutzbestimmungen \u00fcber die Art, den Umfang und den Zweck der von Ihnen auf dieser Webseite [&hellip;]<\/p>\n","protected":false},"author":2,"featured_media":0,"parent":0,"menu_order":0,"comment_status":"closed","ping_status":"closed","template":"","meta":{"_et_pb_use_builder":"on","_et_pb_old_content":"","_et_gb_content_width":"","footnotes":""},"class_list":["post-236742","page","type-page","status-publish","hentry"],"yoast_head":"<!-- This site is optimized with the Yoast SEO plugin v27.4 - https:\/\/yoast.com\/product\/yoast-seo-wordpress\/ -->\n<title>Datenschutzerkl\u00e4rung - Africa on Wheels<\/title>\n<meta name=\"robots\" content=\"index, follow, max-snippet:-1, max-image-preview:large, max-video-preview:-1\" \/>\n<link rel=\"canonical\" href=\"https:\/\/africa-on-wheels.com\/de\/datenschutzerklaerung\/\" \/>\n<meta property=\"og:locale\" content=\"de_DE\" \/>\n<meta property=\"og:type\" content=\"article\" \/>\n<meta property=\"og:title\" content=\"Datenschutzerkl\u00e4rung - Africa on Wheels\" \/>\n<meta property=\"og:description\" content=\"Datenschutzerkl\u00e4rungNutzung und Zweck der Datenerhebung Die Einhaltung der Datenschutzgesetze ist f\u00fcr uns ein Vertrauensfaktor und nicht nur gesetzliche Pflicht. Wir m\u00f6chten Ihnen erkl\u00e4ren wie wir mit Ihren personenbezogenen Daten (im nachfolgenden Daten genannt) umgehen und informieren Sie mit den nachfolgenden Datenschutzbestimmungen \u00fcber die Art, den Umfang und den Zweck der von Ihnen auf dieser Webseite [&hellip;]\" \/>\n<meta property=\"og:url\" content=\"https:\/\/africa-on-wheels.com\/de\/datenschutzerklaerung\/\" \/>\n<meta property=\"og:site_name\" content=\"Africa on Wheels\" \/>\n<meta property=\"article:modified_time\" content=\"2020-12-07T19:01:44+00:00\" \/>\n<meta name=\"twitter:card\" content=\"summary_large_image\" \/>\n<meta name=\"twitter:label1\" content=\"Gesch\u00e4tzte Lesezeit\" \/>\n\t<meta name=\"twitter:data1\" content=\"11\u00a0Minuten\" \/>\n<script type=\"application\/ld+json\" class=\"yoast-schema-graph\">{\"@context\":\"https:\\\/\\\/schema.org\",\"@graph\":[{\"@type\":\"WebPage\",\"@id\":\"https:\\\/\\\/africa-on-wheels.com\\\/de\\\/datenschutzerklaerung\\\/\",\"url\":\"https:\\\/\\\/africa-on-wheels.com\\\/de\\\/datenschutzerklaerung\\\/\",\"name\":\"Datenschutzerkl\u00e4rung - Africa on Wheels\",\"isPartOf\":{\"@id\":\"https:\\\/\\\/africa-on-wheels.com\\\/de\\\/#website\"},\"datePublished\":\"2020-12-07T18:31:10+00:00\",\"dateModified\":\"2020-12-07T19:01:44+00:00\",\"breadcrumb\":{\"@id\":\"https:\\\/\\\/africa-on-wheels.com\\\/de\\\/datenschutzerklaerung\\\/#breadcrumb\"},\"inLanguage\":\"de\",\"potentialAction\":[{\"@type\":\"ReadAction\",\"target\":[\"https:\\\/\\\/africa-on-wheels.com\\\/de\\\/datenschutzerklaerung\\\/\"]}]},{\"@type\":\"BreadcrumbList\",\"@id\":\"https:\\\/\\\/africa-on-wheels.com\\\/de\\\/datenschutzerklaerung\\\/#breadcrumb\",\"itemListElement\":[{\"@type\":\"ListItem\",\"position\":1,\"name\":\"Home\",\"item\":\"https:\\\/\\\/africa-on-wheels.com\\\/de\\\/4x4-car-hire-in-namibia-2\\\/\"},{\"@type\":\"ListItem\",\"position\":2,\"name\":\"Datenschutzerkl\u00e4rung\"}]},{\"@type\":\"WebSite\",\"@id\":\"https:\\\/\\\/africa-on-wheels.com\\\/de\\\/#website\",\"url\":\"https:\\\/\\\/africa-on-wheels.com\\\/de\\\/\",\"name\":\"Africa on Wheels\",\"description\":\"4x4 Car Hire in Namibia\",\"publisher\":{\"@id\":\"https:\\\/\\\/africa-on-wheels.com\\\/de\\\/#organization\"},\"potentialAction\":[{\"@type\":\"SearchAction\",\"target\":{\"@type\":\"EntryPoint\",\"urlTemplate\":\"https:\\\/\\\/africa-on-wheels.com\\\/de\\\/?s={search_term_string}\"},\"query-input\":{\"@type\":\"PropertyValueSpecification\",\"valueRequired\":true,\"valueName\":\"search_term_string\"}}],\"inLanguage\":\"de\"},{\"@type\":\"Organization\",\"@id\":\"https:\\\/\\\/africa-on-wheels.com\\\/de\\\/#organization\",\"name\":\"Africa on Wheels\",\"url\":\"https:\\\/\\\/africa-on-wheels.com\\\/de\\\/\",\"logo\":{\"@type\":\"ImageObject\",\"inLanguage\":\"de\",\"@id\":\"https:\\\/\\\/africa-on-wheels.com\\\/de\\\/#\\\/schema\\\/logo\\\/image\\\/\",\"url\":\"https:\\\/\\\/africa-on-wheels.com\\\/wp-content\\\/uploads\\\/2023\\\/06\\\/AOW-Logo-small.png\",\"contentUrl\":\"https:\\\/\\\/africa-on-wheels.com\\\/wp-content\\\/uploads\\\/2023\\\/06\\\/AOW-Logo-small.png\",\"width\":168,\"height\":80,\"caption\":\"Africa on Wheels\"},\"image\":{\"@id\":\"https:\\\/\\\/africa-on-wheels.com\\\/de\\\/#\\\/schema\\\/logo\\\/image\\\/\"}}]}<\/script>\n<!-- \/ Yoast SEO plugin. -->","yoast_head_json":{"title":"Datenschutzerkl\u00e4rung - Africa on Wheels","robots":{"index":"index","follow":"follow","max-snippet":"max-snippet:-1","max-image-preview":"max-image-preview:large","max-video-preview":"max-video-preview:-1"},"canonical":"https:\/\/africa-on-wheels.com\/de\/datenschutzerklaerung\/","og_locale":"de_DE","og_type":"article","og_title":"Datenschutzerkl\u00e4rung - Africa on Wheels","og_description":"Datenschutzerkl\u00e4rungNutzung und Zweck der Datenerhebung Die Einhaltung der Datenschutzgesetze ist f\u00fcr uns ein Vertrauensfaktor und nicht nur gesetzliche Pflicht. Wir m\u00f6chten Ihnen erkl\u00e4ren wie wir mit Ihren personenbezogenen Daten (im nachfolgenden Daten genannt) umgehen und informieren Sie mit den nachfolgenden Datenschutzbestimmungen \u00fcber die Art, den Umfang und den Zweck der von Ihnen auf dieser Webseite [&hellip;]","og_url":"https:\/\/africa-on-wheels.com\/de\/datenschutzerklaerung\/","og_site_name":"Africa on Wheels","article_modified_time":"2020-12-07T19:01:44+00:00","twitter_card":"summary_large_image","twitter_misc":{"Gesch\u00e4tzte Lesezeit":"11\u00a0Minuten"},"schema":{"@context":"https:\/\/schema.org","@graph":[{"@type":"WebPage","@id":"https:\/\/africa-on-wheels.com\/de\/datenschutzerklaerung\/","url":"https:\/\/africa-on-wheels.com\/de\/datenschutzerklaerung\/","name":"Datenschutzerkl\u00e4rung - Africa on Wheels","isPartOf":{"@id":"https:\/\/africa-on-wheels.com\/de\/#website"},"datePublished":"2020-12-07T18:31:10+00:00","dateModified":"2020-12-07T19:01:44+00:00","breadcrumb":{"@id":"https:\/\/africa-on-wheels.com\/de\/datenschutzerklaerung\/#breadcrumb"},"inLanguage":"de","potentialAction":[{"@type":"ReadAction","target":["https:\/\/africa-on-wheels.com\/de\/datenschutzerklaerung\/"]}]},{"@type":"BreadcrumbList","@id":"https:\/\/africa-on-wheels.com\/de\/datenschutzerklaerung\/#breadcrumb","itemListElement":[{"@type":"ListItem","position":1,"name":"Home","item":"https:\/\/africa-on-wheels.com\/de\/4x4-car-hire-in-namibia-2\/"},{"@type":"ListItem","position":2,"name":"Datenschutzerkl\u00e4rung"}]},{"@type":"WebSite","@id":"https:\/\/africa-on-wheels.com\/de\/#website","url":"https:\/\/africa-on-wheels.com\/de\/","name":"Africa on Wheels","description":"4x4 Car Hire in Namibia","publisher":{"@id":"https:\/\/africa-on-wheels.com\/de\/#organization"},"potentialAction":[{"@type":"SearchAction","target":{"@type":"EntryPoint","urlTemplate":"https:\/\/africa-on-wheels.com\/de\/?s={search_term_string}"},"query-input":{"@type":"PropertyValueSpecification","valueRequired":true,"valueName":"search_term_string"}}],"inLanguage":"de"},{"@type":"Organization","@id":"https:\/\/africa-on-wheels.com\/de\/#organization","name":"Africa on Wheels","url":"https:\/\/africa-on-wheels.com\/de\/","logo":{"@type":"ImageObject","inLanguage":"de","@id":"https:\/\/africa-on-wheels.com\/de\/#\/schema\/logo\/image\/","url":"https:\/\/africa-on-wheels.com\/wp-content\/uploads\/2023\/06\/AOW-Logo-small.png","contentUrl":"https:\/\/africa-on-wheels.com\/wp-content\/uploads\/2023\/06\/AOW-Logo-small.png","width":168,"height":80,"caption":"Africa on Wheels"},"image":{"@id":"https:\/\/africa-on-wheels.com\/de\/#\/schema\/logo\/image\/"}}]}},"_links":{"self":[{"href":"https:\/\/africa-on-wheels.com\/de\/wp-json\/wp\/v2\/pages\/236742","targetHints":{"allow":["GET"]}}],"collection":[{"href":"https:\/\/africa-on-wheels.com\/de\/wp-json\/wp\/v2\/pages"}],"about":[{"href":"https:\/\/africa-on-wheels.com\/de\/wp-json\/wp\/v2\/types\/page"}],"author":[{"embeddable":true,"href":"https:\/\/africa-on-wheels.com\/de\/wp-json\/wp\/v2\/users\/2"}],"replies":[{"embeddable":true,"href":"https:\/\/africa-on-wheels.com\/de\/wp-json\/wp\/v2\/comments?post=236742"}],"version-history":[{"count":0,"href":"https:\/\/africa-on-wheels.com\/de\/wp-json\/wp\/v2\/pages\/236742\/revisions"}],"wp:attachment":[{"href":"https:\/\/africa-on-wheels.com\/de\/wp-json\/wp\/v2\/media?parent=236742"}],"curies":[{"name":"wp","href":"https:\/\/api.w.org\/{rel}","templated":true}]}}